{"id":192014,"date":"2025-08-28T09:57:39","date_gmt":"2025-08-28T07:57:39","guid":{"rendered":"https:\/\/www.dixneuf.com\/accessoires\/log-niche-option-tiroir-etagere-tole-steel-frosted-black\/"},"modified":"2025-10-30T11:36:22","modified_gmt":"2025-10-30T10:36:22","slug":"option-niche-a-bois-tiroir-etagere-tole-acier-noir-givre","status":"publish","type":"product","link":"https:\/\/dixneuf-merx.nobilito.net\/en\/products\/option-niche-a-bois-tiroir-etagere-tole-acier-noir-givre\/","title":{"rendered":"Tiroir + \u00e9tag\u00e8re t\u00f4le"},"content":{"rendered":"<p>Suitable for Primo, Secondo, Tertio log niches that are 35cm deep<br \/>\nQuick and easy installation<\/p>\n","protected":false},"excerpt":{"rendered":"<p>Complementing your log niche, this drawer allows you to store kindling, fire-lighters or other useful accessories.<br \/>\nEasy to install<\/p>\n","protected":false},"featured_media":206068,"template":"","meta":{"_acf_changed":false},"product_brand":[],"product_cat":[3276,3284],"product_tag":[],"search_tags":[3368,3366,3369,3228,3219,3225,3226,3364,3232,3363,3367,3365,3229],"class_list":{"0":"post-192014","1":"product","2":"type-product","3":"status-publish","4":"has-post-thumbnail","6":"product_cat-log-holders","7":"product_cat-log-holders-niches","8":"pa_code-couleur-noir-givre-n3-png-2","9":"pa_couleur-frosted-black","10":"pa_couleurs-black","11":"pa_distributeurs-barbecueandco","12":"pa_distributeurs-ecb","13":"pa_distributeurs-nonecb","14":"pa_hauteur-epaisseur-693","15":"pa_label-ofg-oui","16":"pa_largeur-diametre-299","17":"pa_matiere-steel","18":"pa_nouveau-non-en","19":"pa_profondeur-diametre-2010","20":"distributeurs-barbecueandco","21":"distributeurs-ecb","22":"distributeurs-nonecb","23":"search_tags-decorative-niche","24":"search_tags-fireplace-cladding","25":"search_tags-firewood-rack","26":"search_tags-firewood-storage","27":"search_tags-log-holder","28":"search_tags-log-rack","29":"search_tags-log-racks","30":"search_tags-log-shelf","31":"search_tags-log-storage","32":"search_tags-wood-holder","33":"search_tags-wood-niche","34":"search_tags-wood-shelf","35":"search_tags-wood-storage","37":"first","38":"instock","39":"purchasable","40":"product-type-simple"},"acf":[],"aioseo_notices":[],"_links":{"self":[{"href":"https:\/\/dixneuf-merx.nobilito.net\/en\/wp-json\/wp\/v2\/product\/192014","targetHints":{"allow":["GET"]}}],"collection":[{"href":"https:\/\/dixneuf-merx.nobilito.net\/en\/wp-json\/wp\/v2\/product"}],"about":[{"href":"https:\/\/dixneuf-merx.nobilito.net\/en\/wp-json\/wp\/v2\/types\/product"}],"wp:featuredmedia":[{"embeddable":true,"href":"https:\/\/dixneuf-merx.nobilito.net\/en\/wp-json\/wp\/v2\/media\/206068"}],"wp:attachment":[{"href":"https:\/\/dixneuf-merx.nobilito.net\/en\/wp-json\/wp\/v2\/media?parent=192014"}],"wp:term":[{"taxonomy":"product_brand","embeddable":true,"href":"https:\/\/dixneuf-merx.nobilito.net\/en\/wp-json\/wp\/v2\/product_brand?post=192014"},{"taxonomy":"product_cat","embeddable":true,"href":"https:\/\/dixneuf-merx.nobilito.net\/en\/wp-json\/wp\/v2\/product_cat?post=192014"},{"taxonomy":"product_tag","embeddable":true,"href":"https:\/\/dixneuf-merx.nobilito.net\/en\/wp-json\/wp\/v2\/product_tag?post=192014"},{"taxonomy":"search_tags","embeddable":true,"href":"https:\/\/dixneuf-merx.nobilito.net\/en\/wp-json\/wp\/v2\/search_tags?post=192014"}],"curies":[{"name":"wp","href":"https:\/\/api.w.org\/{rel}","templated":true}]}}